{"id":39,"date":"2024-04-17T09:51:46","date_gmt":"2024-04-17T09:51:46","guid":{"rendered":"https:\/\/www.toerringcamping.dk\/?page_id=39"},"modified":"2024-07-03T15:00:32","modified_gmt":"2024-07-03T15:00:32","slug":"mere-om","status":"publish","type":"page","link":"https:\/\/www.toerringcamping.dk\/mere-om\/","title":{"rendered":"Mere om"},"content":{"rendered":"\t\t<div data-elementor-type=\"wp-page\" data-elementor-id=\"39\" class=\"elementor elementor-39\" data-elementor-post-type=\"page\">\n\t\t\t\t\t\t<section class=\"elementor-section elementor-top-section elementor-element elementor-element-6087c70 elementor-section-full_width elementor-section-height-default elementor-section-height-default\" data-id=\"6087c70\" data-element_type=\"section\" data-e-type=\"section\" data-settings=\"{&quot;background_background&quot;:&quot;gradient&quot;}\">\n\t\t\t\t\t\t<div class=\"elementor-container elementor-column-gap-default\">\n\t\t\t\t\t<div class=\"elementor-column elementor-col-100 elementor-top-column elementor-element elementor-element-bc71671\" data-id=\"bc71671\" data-element_type=\"column\" data-e-type=\"column\">\n\t\t\t<div class=\"elementor-widget-wrap elementor-element-populated\">\n\t\t\t\t\t\t<section class=\"elementor-section elementor-inner-section elementor-element elementor-element-d718433 elementor-reverse-mobile elementor-section-boxed elementor-section-height-default elementor-section-height-default\" data-id=\"d718433\" data-element_type=\"section\" data-e-type=\"section\">\n\t\t\t\t\t\t<div class=\"elementor-container elementor-column-gap-no\">\n\t\t\t\t\t<div class=\"elementor-column elementor-col-100 elementor-inner-column elementor-element elementor-element-07721cd\" data-id=\"07721cd\" data-element_type=\"column\" data-e-type=\"column\">\n\t\t\t<div class=\"elementor-widget-wrap elementor-element-populated\">\n\t\t\t\t\t\t<div class=\"elementor-element elementor-element-28d945f animated-slow elementor-invisible elementor-widget elementor-widget-heading\" data-id=\"28d945f\" data-element_type=\"widget\" data-e-type=\"widget\" data-settings=\"{&quot;_animation&quot;:&quot;fadeInRight&quot;}\" data-widget_type=\"heading.default\">\n\t\t\t\t<div class=\"elementor-widget-container\">\n\t\t\t\t\t<h2 class=\"elementor-heading-title elementor-size-default\"><b>Book din tur nu!<\/b><\/h2>\t\t\t\t<\/div>\n\t\t\t\t<\/div>\n\t\t\t\t<div class=\"elementor-element elementor-element-782324a animated-slow elementor-invisible elementor-widget elementor-widget-heading\" data-id=\"782324a\" data-element_type=\"widget\" data-e-type=\"widget\" data-settings=\"{&quot;_animation&quot;:&quot;fadeIn&quot;,&quot;_animation_delay&quot;:400}\" data-widget_type=\"heading.default\">\n\t\t\t\t<div class=\"elementor-widget-container\">\n\t\t\t\t\t<h2 class=\"elementor-heading-title elementor-size-default\">Mere om T\u00f8rring Camping<\/h2>\t\t\t\t<\/div>\n\t\t\t\t<\/div>\n\t\t\t\t\t<\/div>\n\t\t<\/div>\n\t\t\t\t\t<\/div>\n\t\t<\/section>\n\t\t\t\t\t<\/div>\n\t\t<\/div>\n\t\t\t\t\t<\/div>\n\t\t<\/section>\n\t\t<div class=\"elementor-element elementor-element-undefined-3b0e34c e-flex e-con-boxed e-con e-parent\" data-id=\"undefined-3b0e34c\" data-element_type=\"container\" data-e-type=\"container\" data-settings=\"{&quot;background_background&quot;:&quot;gradient&quot;}\">\n\t\t\t\t\t<div class=\"e-con-inner\">\n\t\t<div class=\"elementor-element elementor-element-undefined-34e478c e-con-full e-flex e-con e-child\" data-id=\"undefined-34e478c\" data-element_type=\"container\" data-e-type=\"container\">\n\t\t\t\t<div class=\"elementor-element elementor-element-undefined-439e5f7 elementor-widget elementor-widget-heading\" data-id=\"undefined-439e5f7\" data-element_type=\"widget\" data-e-type=\"widget\" data-widget_type=\"heading.default\">\n\t\t\t\t<div class=\"elementor-widget-container\">\n\t\t\t\t\t<h2 class=\"elementor-heading-title elementor-size-default\">Det bedste af dansk camping<\/h2>\t\t\t\t<\/div>\n\t\t\t\t<\/div>\n\t\t\t\t<div class=\"elementor-element elementor-element-undefined-82c95e1 elementor-widget elementor-widget-text-editor\" data-id=\"undefined-82c95e1\" data-element_type=\"widget\" data-e-type=\"widget\" data-widget_type=\"text-editor.default\">\n\t\t\t\t<div class=\"elementor-widget-container\">\n\t\t\t\t\t\t\t\t\t<div class=\"uSg02\">\n<div class=\"Fx02X l8Tnu\">\n<div class=\"_Tm_J\">\n<div class=\"kcAOr t9ThB\" data-testid=\"RecipientWell\">\n<div class=\"___sj378o0 fly5x3f f1l02sjl f113hnb5\">T\u00f8rring Camping &#8211; vores ubemandet plads, beliggende i hjertet af Jylland, er den perfekte destination for familier, par og venner. Her kan I nyde roen og idyllen ved Guden\u00e5en, Danmarks l\u00e6ngste \u00e5, som l\u00f8ber lige langs campingpladsen. Guden\u00e5en tilbyder en unik mulighed for kanosejlads direkte fra campingpladsen, s\u00e5 I kan f\u00e5 den bedste oplevelse p\u00e5 vandet.<\/div>\n<div>&nbsp;<\/div>\n<div class=\"___sj378o0 fly5x3f f1l02sjl f113hnb5\">Campingpladsen tilbyder en bred vifte af overnatningsmuligheder, herunder campingvognspladser, hytter, luksustelte\/Glamping og teltpladser lige ned til \u00e5en, alt sammen omgivet af smuk natur. Vores moderne faciliteter inkluderer toilet- og badebygninger, vaskerum, f\u00e6llesarealer, og en hyggelig restaurant, der g\u00f8r jeres ophold komfortabelt og bekvemt.<\/div>\n<div>&nbsp;<\/div>\n<div class=\"___sj378o0 fly5x3f f1l02sjl f113hnb5\">T\u00f8rring Camping er ogs\u00e5 det ideelle udgangspunkt for at udforske nogle af Jyllands st\u00f8rste attraktioner. Vi ligger under 25 minutters k\u00f8rsel fra Legoland, Givskud Zoo og de UNESCO Jelling Monumenterne. Desuden er Den Genfundne Bro og F\u00e6ngselsmuseet i Horsens nemt tilg\u00e6ngelige for dagsudflugter.<\/div>\n<div>&nbsp;<\/div>\n<div class=\"___sj378o0 fly5x3f f1l02sjl f113hnb5\">For naturelskere er der mange vandre- og cykelruter i omr\u00e5det, inklusive ture langs Guden\u00e5en og gennem det natursk\u00f8nne Uldum K\u00e6r. Hvis I er interesserede i nogle af Danmarks smukkeste landskaber.<\/div>\n<div>&nbsp;<\/div>\n<div class=\"___sj378o0 fly5x3f f1l02sjl f113hnb5\">Book jeres ophold hos T\u00f8rring Camping og oplev det bedste af dansk camping i natursk\u00f8nne omgivelser. Vi gl\u00e6der os til at byde jer velkommen!<\/div>\n<\/div>\n<\/div>\n<\/div>\n<\/div>\t\t\t\t\t\t\t\t<\/div>\n\t\t\t\t<\/div>\n\t\t\t\t<\/div>\n\t\t<div class=\"elementor-element elementor-element-f612d64 e-con-full e-flex e-con e-child\" data-id=\"f612d64\" data-element_type=\"container\" data-e-type=\"container\">\n\t\t\t\t<div class=\"elementor-element elementor-element-ce00ae1 elementor-widget elementor-widget-image\" data-id=\"ce00ae1\" data-element_type=\"widget\" data-e-type=\"widget\" data-widget_type=\"image.default\">\n\t\t\t\t<div class=\"elementor-widget-container\">\n\t\t\t\t\t\t\t\t\t\t\t\t\t\t\t<img fetchpriority=\"high\" decoding=\"async\" width=\"683\" height=\"1024\" src=\"https:\/\/www.toerringcamping.dk\/wp-content\/uploads\/2024\/05\/Torring-Camping-beliggende-i-hjertet-af-Jylland-er-den-perfekte-destination-for-familier-par-og-venner.-Her-kan-I-nyde-roen-og-idyllen-ved-Gudenaen-Danmarks-laengste-a-som-lober-lige-langs-cam-683x1024.png\" class=\"attachment-large size-large wp-image-623\" alt=\"\" srcset=\"https:\/\/www.toerringcamping.dk\/wp-content\/uploads\/2024\/05\/Torring-Camping-beliggende-i-hjertet-af-Jylland-er-den-perfekte-destination-for-familier-par-og-venner.-Her-kan-I-nyde-roen-og-idyllen-ved-Gudenaen-Danmarks-laengste-a-som-lober-lige-langs-cam-683x1024.png 683w, https:\/\/www.toerringcamping.dk\/wp-content\/uploads\/2024\/05\/Torring-Camping-beliggende-i-hjertet-af-Jylland-er-den-perfekte-destination-for-familier-par-og-venner.-Her-kan-I-nyde-roen-og-idyllen-ved-Gudenaen-Danmarks-laengste-a-som-lober-lige-langs-cam-200x300.png 200w, https:\/\/www.toerringcamping.dk\/wp-content\/uploads\/2024\/05\/Torring-Camping-beliggende-i-hjertet-af-Jylland-er-den-perfekte-destination-for-familier-par-og-venner.-Her-kan-I-nyde-roen-og-idyllen-ved-Gudenaen-Danmarks-laengste-a-som-lober-lige-langs-cam-768x1152.png 768w, https:\/\/www.toerringcamping.dk\/wp-content\/uploads\/2024\/05\/Torring-Camping-beliggende-i-hjertet-af-Jylland-er-den-perfekte-destination-for-familier-par-og-venner.-Her-kan-I-nyde-roen-og-idyllen-ved-Gudenaen-Danmarks-laengste-a-som-lober-lige-langs-cam.png 800w\" sizes=\"(max-width: 683px) 100vw, 683px\" \/>\t\t\t\t\t\t\t\t\t\t\t\t\t\t\t<\/div>\n\t\t\t\t<\/div>\n\t\t\t\t<\/div>\n\t\t\t\t\t<\/div>\n\t\t\t\t<\/div>\n\t\t\t\t<\/div>\n\t\t","protected":false},"excerpt":{"rendered":"<p>Book din tur nu! Mere om T\u00f8rring Camping Det bedste af dansk camping T\u00f8rring Camping &#8211; vores ubemandet plads, beliggende i hjertet af Jylland, er den perfekte destination for familier, par og venner. Her kan I nyde roen og idyllen ved Guden\u00e5en, Danmarks l\u00e6ngste \u00e5, som l\u00f8ber lige langs campingpladsen. Guden\u00e5en tilbyder en unik mulighed [&hellip;]<\/p>\n","protected":false},"author":3,"featured_media":0,"parent":0,"menu_order":0,"comment_status":"closed","ping_status":"closed","template":"elementor_header_footer","meta":{"om_disable_all_campaigns":false,"_monsterinsights_skip_tracking":false,"_monsterinsights_sitenote_active":false,"_monsterinsights_sitenote_note":"","_monsterinsights_sitenote_category":0,"footnotes":""},"class_list":["post-39","page","type-page","status-publish","hentry"],"aioseo_notices":[],"_links":{"self":[{"href":"https:\/\/www.toerringcamping.dk\/wp-json\/wp\/v2\/pages\/39","targetHints":{"allow":["GET"]}}],"collection":[{"href":"https:\/\/www.toerringcamping.dk\/wp-json\/wp\/v2\/pages"}],"about":[{"href":"https:\/\/www.toerringcamping.dk\/wp-json\/wp\/v2\/types\/page"}],"author":[{"embeddable":true,"href":"https:\/\/www.toerringcamping.dk\/wp-json\/wp\/v2\/users\/3"}],"replies":[{"embeddable":true,"href":"https:\/\/www.toerringcamping.dk\/wp-json\/wp\/v2\/comments?post=39"}],"version-history":[{"count":15,"href":"https:\/\/www.toerringcamping.dk\/wp-json\/wp\/v2\/pages\/39\/revisions"}],"predecessor-version":[{"id":760,"href":"https:\/\/www.toerringcamping.dk\/wp-json\/wp\/v2\/pages\/39\/revisions\/760"}],"wp:attachment":[{"href":"https:\/\/www.toerringcamping.dk\/wp-json\/wp\/v2\/media?parent=39"}],"curies":[{"name":"wp","href":"https:\/\/api.w.org\/{rel}","templated":true}]}}